{"id":54,"date":"2024-04-29T01:20:01","date_gmt":"2024-04-29T04:20:01","guid":{"rendered":"https:\/\/gzs07.zappacorp.com\/?page_id=54"},"modified":"2024-04-29T15:41:40","modified_gmt":"2024-04-29T18:41:40","slug":"quem-somos","status":"publish","type":"page","link":"https:\/\/gzs07.zappacorp.com\/index.php\/quem-somos\/","title":{"rendered":"Quem somos"},"content":{"rendered":"\n<div class=\"wp-block-cover has-custom-content-position is-position-bottom-center wp-duotone-unset-1\" style=\"min-height:563px\"><span aria-hidden=\"true\" class=\"wp-block-cover__background has-background-dim\"><\/span><img decoding=\"async\" class=\"wp-block-cover__image-background\" alt=\"\" src=\"https:\/\/wallpapercave.com\/wp\/wp6309697.jpg\" data-object-fit=\"cover\"\/><div class=\"wp-block-cover__inner-container is-layout-flow wp-block-cover-is-layout-flow\">\n<p class=\"has-text-align-center has-large-font-size\">Bem-vindo(a) ao Tim\u00e3o Eterno Campe\u00e3o!<\/p>\n<\/div><\/div>\n\n\n\n<h3 class=\"wp-block-heading alignfull has-text-align-center\">Sobre n\u00f3s<\/h3>\n\n\n\n<p class=\"has-text-align-center\">Somos apaixonados pelo&nbsp;<strong>Tim\u00e3o<\/strong>&nbsp;e estamos aqui para trazer a voc\u00ea as \u00faltimas not\u00edcias, atualiza\u00e7\u00f5es e informa\u00e7\u00f5es sobre o nosso glorioso clube. Se voc\u00ea \u00e9 um torcedor fervoroso ou apenas quer ficar por dentro do que est\u00e1 acontecendo no mundo alvinegro, voc\u00ea est\u00e1 no lugar certo!<\/p>\n\n\n\n<h3 class=\"wp-block-heading alignfull has-text-align-center\">O que Oferecemos<\/h3>\n\n\n\n<ul>\n<li><strong>Not\u00edcias Atualizadas<\/strong>: Mantenha-se informado(a) com as \u00faltimas not\u00edcias sobre o Corinthians. Desde transfer\u00eancias de jogadores at\u00e9 atualiza\u00e7\u00f5es sobre o elenco, cobrimos tudo.<\/li>\n\n\n\n<li><strong>Acompanhe os Jogos<\/strong>: N\u00e3o perca nenhum lance! Fornecemos detalhes sobre os pr\u00f3ximos jogos, hor\u00e1rios, locais e como assistir ao vivo. Seja no est\u00e1dio ou na frente da TV, voc\u00ea estar\u00e1 sempre por dentro.<\/li>\n\n\n\n<li><strong>Como Fazer Parte do Time<\/strong>: Sonha em vestir a camisa do Corinthians? Compartilhamos informa\u00e7\u00f5es sobre testes, categorias de base e oportunidades para os aspirantes a jogadores. Venha fazer parte da fam\u00edlia corinthiana!<\/li>\n\n\n\n<li><strong>Hist\u00f3ria e Curiosidades<\/strong>: Explore a rica hist\u00f3ria do Corinthians. Desde t\u00edtulos memor\u00e1veis at\u00e9 momentos ic\u00f4nicos, mergulhe na paix\u00e3o que envolve o nosso clube.<\/li>\n<\/ul>\n\n\n\n<h3 class=\"wp-block-heading has-text-align-center\">Junte-se a n\u00f3s<\/h3>\n\n\n\n<p class=\"has-text-align-center\">Siga-nos nas redes sociais, participe dos debates nos coment\u00e1rios e compartilhe o amor pelo Corinthians com outros torcedores. Juntos, somos mais fortes!<\/p>\n\n\n\n<p class=\"has-text-align-center\"><strong>Vai, Corinthians!<\/strong><\/p>\n\n\n\n<div class=\"wp-block-contact-form-7-contact-form-selector\">\n<div class=\"wpcf7 no-js\" id=\"wpcf7-f79-o1\" lang=\"pt-BR\" dir=\"ltr\">\n<div class=\"screen-reader-response\"><p role=\"status\" aria-live=\"polite\" aria-atomic=\"true\"><\/p> <ul><\/ul><\/div>\n<form action=\"\/index.php\/wp-json\/wp\/v2\/pages\/54#wpcf7-f79-o1\" method=\"post\" class=\"wpcf7-form init\" aria-label=\"Formul\u00e1rios de contato\" novalidate=\"novalidate\" data-status=\"init\">\n<div style=\"display: none;\">\n<input type=\"hidden\" name=\"_wpcf7\" value=\"79\" \/>\n<input type=\"hidden\" name=\"_wpcf7_version\" value=\"5.9.3\" \/>\n<input type=\"hidden\" name=\"_wpcf7_locale\" value=\"pt_BR\" \/>\n<input type=\"hidden\" name=\"_wpcf7_unit_tag\" value=\"wpcf7-f79-o1\" \/>\n<input type=\"hidden\" name=\"_wpcf7_container_post\" value=\"0\" \/>\n<input type=\"hidden\" name=\"_wpcf7_posted_data_hash\" value=\"\" \/>\n<\/div>\n<p><label>Entre para nossa equipe<\/label><br \/>\n<label> Seu nome<br \/>\n<span class=\"wpcf7-form-control-wrap\" data-name=\"your-name\"><input size=\"40\" class=\"wpcf7-form-control wpcf7-text wpcf7-validates-as-required\" autocomplete=\"name\" aria-required=\"true\" aria-invalid=\"false\" value=\"\" type=\"text\" name=\"your-name\" \/><\/span> <\/label>\n<\/p>\n<p><label> Seu e-mail<br \/>\n<span class=\"wpcf7-form-control-wrap\" data-name=\"your-email\"><input size=\"40\" class=\"wpcf7-form-control wpcf7-email wpcf7-validates-as-required wpcf7-text wpcf7-validates-as-email\" autocomplete=\"email\" aria-required=\"true\" aria-invalid=\"false\" value=\"\" type=\"email\" name=\"your-email\" \/><\/span> <\/label><br \/>\n\t<labe>\n<span class=\"wpcf7-form-control-wrap\" data-name=\"tel\"><input size=\"40\" class=\"wpcf7-form-control wpcf7-tel wpcf7-validates-as-required wpcf7-text wpcf7-validates-as-tel\" aria-required=\"true\" aria-invalid=\"false\" value=\"\" type=\"tel\" name=\"tel\" \/><\/span>\n \n<label> Suas habilidades<br \/>\n<span class=\"wpcf7-form-control-wrap\" data-name=\"your-subject\"><input size=\"40\" class=\"wpcf7-form-control wpcf7-text wpcf7-validates-as-required\" aria-required=\"true\" aria-invalid=\"false\" value=\"\" type=\"text\" name=\"your-subject\" \/><\/span> <\/label>\n\n<label> Sua sugest\u00f5es (opcional)<br \/>\n<span class=\"wpcf7-form-control-wrap\" data-name=\"your-message\"><textarea cols=\"40\" rows=\"10\" class=\"wpcf7-form-control wpcf7-textarea\" aria-invalid=\"false\" name=\"your-message\"><\/textarea><\/span> <\/label>\n\n<input class=\"wpcf7-form-control wpcf7-submit has-spinner\" type=\"submit\" value=\"Enviar\" \/>\n\t<\/labe>\n<\/p><div class=\"wpcf7-response-output\" aria-hidden=\"true\"><\/div>\n<\/form>\n<\/div>\n<\/div>\n\n\n\n<div class=\"wp-block-group alignfull has-background-color has-white-color has-black-background-color has-text-color has-background has-link-color wp-elements-3e0b52fec219d69543af46904ef7bd7b is-vertical is-content-justification-stretch is-layout-flex wp-container-core-group-layout-3 wp-block-group-is-layout-flex\" style=\"min-height:40vh;margin-top:0;margin-bottom:0;padding-top:var(--wp--preset--spacing--60);padding-right:var(--wp--preset--spacing--40);padding-bottom:var(--wp--preset--spacing--60);padding-left:var(--wp--preset--spacing--40)\">\n<div class=\"wp-block-columns alignwide has-small-font-size is-layout-flex wp-container-core-columns-layout-1 wp-block-columns-is-layout-flex\">\n<div class=\"wp-block-column is-layout-flow wp-block-column-is-layout-flow\">\n<p class=\"has-text-align-center\">Location<\/p>\n\n\n\n<p class=\"has-text-align-center\">2020 Lomita Blvd,&nbsp;<br>Torrance, CA 90101<br>United States<\/p>\n\n\n\n<div style=\"height:24px\" aria-hidden=\"true\" class=\"wp-block-spacer\"><\/div>\n<\/div>\n\n\n\n<div class=\"wp-block-column is-layout-flow wp-block-column-is-layout-flow\">\n<p class=\"has-text-align-center\">Pages<\/p>\n\n\n<nav class=\"has-small-font-size items-justified-center is-vertical no-wrap wp-block-navigation has-small-font-size is-content-justification-center is-nowrap is-layout-flex wp-container-core-navigation-layout-1 wp-block-navigation-is-layout-flex\" aria-label=\"Navigation\"><ul class=\"has-small-font-size wp-block-page-list\"><li class=\"wp-block-pages-list__item wp-block-navigation-item open-on-hover-click\"><a class=\"wp-block-pages-list__item__link wp-block-navigation-item__content\" href=\"https:\/\/gzs07.zappacorp.com\/index.php\/contato\/\">Contato<\/a><\/li><li class=\"wp-block-pages-list__item wp-block-navigation-item open-on-hover-click\"><a class=\"wp-block-pages-list__item__link wp-block-navigation-item__content\" href=\"https:\/\/gzs07.zappacorp.com\/index.php\/37-2\/\">Entre pro Tim\u00e3o<\/a><\/li><li class=\"wp-block-pages-list__item wp-block-navigation-item open-on-hover-click\"><a class=\"wp-block-pages-list__item__link wp-block-navigation-item__content\" href=\"https:\/\/gzs07.zappacorp.com\/index.php\/galeria-cassio\/\">Galeria C\u00e1ssio<\/a><\/li><li class=\"wp-block-pages-list__item wp-block-navigation-item open-on-hover-click\"><a class=\"wp-block-pages-list__item__link wp-block-navigation-item__content\" href=\"https:\/\/gzs07.zappacorp.com\/index.php\/quem-somos\/\">Quem somos<\/a><\/li><li class=\"wp-block-pages-list__item wp-block-navigation-item open-on-hover-click\"><a class=\"wp-block-pages-list__item__link wp-block-navigation-item__content\" href=\"https:\/\/gzs07.zappacorp.com\/index.php\/tabela-brasilerao\/\">Tabela Brasiler\u00e3o<\/a><\/li><\/ul><\/nav>\n\n\n<div style=\"height:24px\" aria-hidden=\"true\" class=\"wp-block-spacer\"><\/div>\n<\/div>\n\n\n\n<div class=\"wp-block-column is-layout-flow wp-block-column-is-layout-flow\">\n<p class=\"has-text-align-center\">Follow us<\/p>\n\n\n\n<div class=\"wp-block-group is-vertical is-content-justification-center is-layout-flex wp-container-core-group-layout-1 wp-block-group-is-layout-flex\">\n<p><a href=\"#\">Facebook<\/a><\/p>\n\n\n\n<p><a href=\"#\">Instagram<\/a><\/p>\n\n\n\n<p><a href=\"#\">Twitter<\/a><\/p>\n<\/div>\n\n\n\n<div style=\"height:24px\" aria-hidden=\"true\" class=\"wp-block-spacer\"><\/div>\n<\/div>\n<\/div>\n\n\n\n<div class=\"wp-block-group alignwide is-content-justification-center is-layout-flex wp-container-core-group-layout-2 wp-block-group-is-layout-flex\">\n<p class=\"has-text-align-center has-small-font-size\"> Proudly powered by <a href=\"https:\/\/wordpress.org\" rel=\"nofollow\">WordPress<\/a> <\/p>\n<\/div>\n<\/div>\n","protected":false},"excerpt":{"rendered":"<p>Sobre n\u00f3s Somos apaixonados pelo&nbsp;Tim\u00e3o&nbsp;e estamos aqui para trazer a voc\u00ea as \u00faltimas not\u00edcias, atualiza\u00e7\u00f5es e informa\u00e7\u00f5es sobre o nosso glorioso clube. Se voc\u00ea \u00e9 um torcedor fervoroso ou apenas quer ficar por dentro do que est\u00e1 acontecendo no mundo alvinegro, voc\u00ea est\u00e1 no lugar certo! O que Oferecemos Junte-se a n\u00f3s Siga-nos nas redes [&hellip;]<\/p>\n","protected":false},"author":1,"featured_media":0,"parent":0,"menu_order":0,"comment_status":"closed","ping_status":"closed","template":"","meta":{"footnotes":""},"_links":{"self":[{"href":"https:\/\/gzs07.zappacorp.com\/index.php\/wp-json\/wp\/v2\/pages\/54"}],"collection":[{"href":"https:\/\/gzs07.zappacorp.com\/index.php\/wp-json\/wp\/v2\/pages"}],"about":[{"href":"https:\/\/gzs07.zappacorp.com\/index.php\/wp-json\/wp\/v2\/types\/page"}],"author":[{"embeddable":true,"href":"https:\/\/gzs07.zappacorp.com\/index.php\/wp-json\/wp\/v2\/users\/1"}],"replies":[{"embeddable":true,"href":"https:\/\/gzs07.zappacorp.com\/index.php\/wp-json\/wp\/v2\/comments?post=54"}],"version-history":[{"count":2,"href":"https:\/\/gzs07.zappacorp.com\/index.php\/wp-json\/wp\/v2\/pages\/54\/revisions"}],"predecessor-version":[{"id":80,"href":"https:\/\/gzs07.zappacorp.com\/index.php\/wp-json\/wp\/v2\/pages\/54\/revisions\/80"}],"wp:attachment":[{"href":"https:\/\/gzs07.zappacorp.com\/index.php\/wp-json\/wp\/v2\/media?parent=54"}],"curies":[{"name":"wp","href":"https:\/\/api.w.org\/{rel}","templated":true}]}}